{"id":1241,"date":"2019-02-26T12:20:47","date_gmt":"2019-02-26T12:20:47","guid":{"rendered":"https:\/\/autorentcorfu.com\/included-in-price\/"},"modified":"2023-03-16T10:24:44","modified_gmt":"2023-03-16T08:24:44","slug":"im-preis-enthalten","status":"publish","type":"page","link":"https:\/\/autorentcorfu.com\/de\/im-preis-enthalten\/","title":{"rendered":"Im Preis enthalten"},"content":{"rendered":"<p>Folgende Leistungen sind im Mietpreis enthalten oder werden kostenlos angeboten:<\/p>\n<ul>\n<li>Keine Kilometerbegrenzung<\/li>\n<li>Zus\u00e4tzlicher Treiber<\/li>\n<li>Kostenlose Kindersitze<\/li>\n<li>Alle Steuern &amp; Geb\u00fchren (Mehrwertsteuer und lokale Steuern)<\/li>\n<li>Pannenhilfe rund um die Uhr<\/li>\n<li>Hotline rund um die Uhr<\/li>\n<li>Kollisionsschadensverzicht (CDW)<\/li>\n<li>Haftpflichtversicherung<\/li>\n<li>Diebstahlversicherung<\/li>\n<li>Kostenlose Stornierung mit vollst\u00e4ndiger R\u00fcckerstattung<\/li>\n<li>Kostenlose Karte von Korfu<\/li>\n<li>Kostenlose Buchungs\u00e4nderung<\/li>\n<li>Kostenlose Flughafen-\/Hafenlieferung<\/li>\n<\/ul>\n","protected":false},"excerpt":{"rendered":"<p>Folgende Leistungen sind im Mietpreis enthalten oder werden kostenlos angeboten: Keine Kilometerbegrenzung Zus\u00e4tzlicher Treiber Kostenlose Kindersitze Alle Steuern &amp; Geb\u00fchren (Mehrwertsteuer und lokale Steuern) Pannenhilfe rund um die Uhr Hotline rund um die Uhr Kollisionsschadensverzicht (CDW) Haftpflichtversicherung Diebstahlversicherung Kostenlose Stornierung mit vollst\u00e4ndiger R\u00fcckerstattung Kostenlose Karte von Korfu Kostenlose Buchungs\u00e4nderung Kostenlose Flughafen-\/Hafenlieferung<\/p>\n","protected":false},"author":1,"featured_media":0,"parent":0,"menu_order":56,"comment_status":"closed","ping_status":"closed","template":"template-included.php","meta":{"_acf_changed":false,"rank_math_lock_modified_date":false,"footnotes":""},"acf":[],"_links":{"self":[{"href":"https:\/\/autorentcorfu.com\/de\/wp-json\/wp\/v2\/pages\/1241"}],"collection":[{"href":"https:\/\/autorentcorfu.com\/de\/wp-json\/wp\/v2\/pages"}],"about":[{"href":"https:\/\/autorentcorfu.com\/de\/wp-json\/wp\/v2\/types\/page"}],"author":[{"embeddable":true,"href":"https:\/\/autorentcorfu.com\/de\/wp-json\/wp\/v2\/users\/1"}],"replies":[{"embeddable":true,"href":"https:\/\/autorentcorfu.com\/de\/wp-json\/wp\/v2\/comments?post=1241"}],"version-history":[{"count":5,"href":"https:\/\/autorentcorfu.com\/de\/wp-json\/wp\/v2\/pages\/1241\/revisions"}],"predecessor-version":[{"id":2990,"href":"https:\/\/autorentcorfu.com\/de\/wp-json\/wp\/v2\/pages\/1241\/revisions\/2990"}],"wp:attachment":[{"href":"https:\/\/autorentcorfu.com\/de\/wp-json\/wp\/v2\/media?parent=1241"}],"curies":[{"name":"wp","href":"https:\/\/api.w.org\/{rel}","templated":true}]}}