{"id":3392,"date":"2023-10-28T15:16:11","date_gmt":"2023-10-28T13:16:11","guid":{"rendered":"https:\/\/autorentcorfu.com\/gold-club\/"},"modified":"2023-11-06T07:23:37","modified_gmt":"2023-11-06T05:23:37","slug":"gold-club","status":"publish","type":"page","link":"https:\/\/autorentcorfu.com\/de\/gold-club\/","title":{"rendered":"Gold Club"},"content":{"rendered":"<p>Registriert Sie im Autorent Gold Club und genie\u00dfen Sie einzigartige Privilegien und Rabatte f\u00fcr Mietwagen in Korfu.<br \/>\nMit Ihrer ersten Buchung werden Sie automatisch Mitglied im Autorent Corfu Gold Club.<br \/>\nIn der Buchungsbest\u00e4tigungs E-mail erhalten Sie auch einen Rabattcode, den Sie f\u00fcr Ihre n\u00e4chste Buchung verwenden k\u00f6nnen.<\/p>\n","protected":false},"excerpt":{"rendered":"<p>Registriert Sie im Autorent Gold Club und genie\u00dfen Sie einzigartige Privilegien und Rabatte f\u00fcr Mietwagen in Korfu. Mit Ihrer ersten Buchung werden Sie automatisch Mitglied im Autorent Corfu Gold Club. In der Buchungsbest\u00e4tigungs E-mail erhalten Sie auch einen Rabattcode, den Sie f\u00fcr Ihre n\u00e4chste Buchung verwenden k\u00f6nnen.<\/p>\n","protected":false},"author":1,"featured_media":0,"parent":0,"menu_order":3,"comment_status":"closed","ping_status":"closed","template":"template-text.php","meta":{"_acf_changed":false,"rank_math_lock_modified_date":false,"footnotes":""},"acf":[],"_links":{"self":[{"href":"https:\/\/autorentcorfu.com\/de\/wp-json\/wp\/v2\/pages\/3392"}],"collection":[{"href":"https:\/\/autorentcorfu.com\/de\/wp-json\/wp\/v2\/pages"}],"about":[{"href":"https:\/\/autorentcorfu.com\/de\/wp-json\/wp\/v2\/types\/page"}],"author":[{"embeddable":true,"href":"https:\/\/autorentcorfu.com\/de\/wp-json\/wp\/v2\/users\/1"}],"replies":[{"embeddable":true,"href":"https:\/\/autorentcorfu.com\/de\/wp-json\/wp\/v2\/comments?post=3392"}],"version-history":[{"count":3,"href":"https:\/\/autorentcorfu.com\/de\/wp-json\/wp\/v2\/pages\/3392\/revisions"}],"predecessor-version":[{"id":3401,"href":"https:\/\/autorentcorfu.com\/de\/wp-json\/wp\/v2\/pages\/3392\/revisions\/3401"}],"wp:attachment":[{"href":"https:\/\/autorentcorfu.com\/de\/wp-json\/wp\/v2\/media?parent=3392"}],"curies":[{"name":"wp","href":"https:\/\/api.w.org\/{rel}","templated":true}]}}